{"id":35,"date":"2019-01-23T11:06:13","date_gmt":"2019-01-23T11:06:13","guid":{"rendered":"http:\/\/wnlds.es\/wpbase\/?page_id=35"},"modified":"2023-05-31T17:13:23","modified_gmt":"2023-05-31T17:13:23","slug":"politica-de-privacidad","status":"publish","type":"page","link":"https:\/\/incubadoradetraders.com\/sevilla\/politica-de-privacidad\/","title":{"rendered":"Pol\u00edtica de privacidad"},"content":{"rendered":"\t\t<div data-elementor-type=\"wp-post\" data-elementor-id=\"35\" class=\"elementor elementor-35\" data-elementor-post-type=\"page\">\n\t\t\t\t\t\t<section class=\"elementor-section elementor-top-section elementor-element elementor-element-538ad174 elementor-section-boxed elementor-section-height-default elementor-section-height-default\" data-id=\"538ad174\" data-element_type=\"section\" data-settings=\"{&quot;background_background&quot;:&quot;classic&quot;}\">\n\t\t\t\t\t\t<div class=\"elementor-container elementor-column-gap-default\">\n\t\t\t\t\t<div class=\"elementor-column elementor-col-100 elementor-top-column elementor-element elementor-element-406796f5\" data-id=\"406796f5\" data-element_type=\"column\">\n\t\t\t<div class=\"elementor-widget-wrap elementor-element-populated\">\n\t\t\t\t\t\t<div class=\"elementor-element elementor-element-5ca4eaf7 elementor-widget elementor-widget-text-editor\" data-id=\"5ca4eaf7\" data-element_type=\"widget\" data-widget_type=\"text-editor.default\">\n\t\t\t\t<div class=\"elementor-widget-container\">\n\t\t\t\t\t\t\t\t\t<h3>POL\u00cdTICA DE PROTECCI\u00d3N DE DATOS<\/h3>\n<h5><strong>1.&nbsp; <\/strong><strong>RESPONSABLE<\/strong><\/h5>\n<ol>\n<li><strong>Datos de contacto del Responsable<\/strong><\/li>\n<\/ol>\n<p>El responsable de los datos recabados mediante esta web es SCIENTIA SYSTEMS, S.L. con direcci\u00f3n C\/ASTRONOM\u00cdA, PARQUE EMPRESARIAL TORNEO, TORRE 2, PLANTA 10, M\u00d3DULO 5, 41015, SEVILLA<\/p>\n<p>(SEVILLA) Y CIF B90139304. Usted podr\u00e1 contactar con el responsable mediante el siguiente Email <a href=\"mailto:admin@institutoibt.com\">admin@institutoibt.com <\/a>o en el tel\u00e9fono 648552205<\/p>\n<p><strong>B.&nbsp; <\/strong><strong>Identidad y datos de contacto del representante<\/strong><\/p>\n<p>ANA MARIA LARA BOCANEGRA<\/p>\n<p><br><\/p>\n<p><\/p>\n<ol start=\"2\">\n<li>\n<h5><strong>FINALIDAD<\/strong><\/h5>\n<\/li>\n<\/ol>\n<p><strong>A.&nbsp; <\/strong><strong>Descripci\u00f3n ampliada de los fines del tratamiento<\/strong><\/p>\n<p>Publicidad y prospecci\u00f3n comercial<\/p>\n<p>Gesti\u00f3n de clientes, contable, fiscal y administrativa Comercio electr\u00f3nico<\/p>\n<p>Gesti\u00f3n de solicitudes<\/p>\n<p><strong>B.&nbsp; <\/strong><strong>Plazos o criterios de conservaci\u00f3n de los datos<\/strong><\/p>\n<p>Conservaremos los datos durante el tiempo que sea necesario para atender la solicitud y cumplir con las obligaciones legales exigidas.<\/p>\n<p>Los datos que usted nos ha facilitado ser\u00e1n conservados mientras sean necesarios para las finalidades indicadas en el punto 2.A., o tambi\u00e9n ser\u00e1n almacenadas por el tiempo exigido por distintas legislaciones aplicables.<\/p>\n<p><strong>C.&nbsp; <\/strong><strong>Decisiones automatizadas, perfiles y l\u00f3gica aplicada<\/strong><\/p>\n<p>Los datos recogidos mediante la p\u00e1gina web no ser\u00e1n utilizados para tomar decisiones automatizadas.<\/p>\n<p><br><\/p>\n<p><\/p>\n<h5><strong>3.&nbsp; <\/strong><strong>LEGITIMACION<\/strong><\/h5>\n<ol>\n<li><strong>Legislaci\u00f3n aplicable<\/strong><\/li>\n<\/ol>\n<p>La legislaci\u00f3n aplicada es el Reglamento General de Protecci\u00f3n de Datos 2016\/679 de 27 de abril de 2016 as\u00ed como la Ley Org\u00e1nica 3\/2018, de 5 de diciembre, de Protecci\u00f3n de Datos Personales y garant\u00eda de los derechos digitales.<\/p>\n<p><strong>B.&nbsp; <\/strong><strong>Detalles de la base jur\u00eddica del tratamiento, en los casos de obligaci\u00f3n legal, inter\u00e9s p\u00fablico o inter\u00e9s p\u00fablico o inter\u00e9s leg\u00edtimo<\/strong><\/p>\n<p>Art. 6, apartado 1 letra a. Que considera el consentimiento del interesado como una base leg\u00edtima para el tratamiento de datos personales contenidos en este fichero.<\/p>\n<p>Art. 6, apartado 1 letra b. Que considera la ejecuci\u00f3n de un contrato como una base leg\u00edtima para el tratamiento de datos personales contenidos en este fichero.<\/p>\n<p><strong>C.&nbsp; <\/strong><strong>Obligaci\u00f3n o no de facilitar datos y consecuencias de no hacerlo<\/strong><\/p>\n<p>No est\u00e1 obligado a facilitarnos los datos, sin embargo, ser\u00e1 necesario para poder gestionar las sugerencias o peticiones que necesite hacernos mediante la p\u00e1gina web.<\/p>\n<p><br><\/p>\n<p><strong>4.&nbsp; <\/strong><strong>DESTINATARIOS<\/strong><\/p>\n<ol>\n<li><strong>Destinatarios<\/strong><\/li>\n<\/ol>\n<p>Organizaciones o personas directamente relacionadas con la empresa, Administraci\u00f3n p\u00fablica con competencia en la materia<\/p>\n<p><strong>B.&nbsp; <\/strong><strong>Destinatarios espec\u00edficos<\/strong><\/p>\n<p>Es posible que encargados de tratamiento puedan acceder a los datos facilitados mediante esta p\u00e1gina web por el ejercicio de sus funciones de mantenimiento.<\/p>\n<p>Los datos de los usuarios de la p\u00e1gina web pueden ser cedidos a la empresas del grupo o nuestros colaboradores<\/p>\n<p><strong>C.&nbsp;&nbsp; <\/strong><strong>Decisiones de adecuaci\u00f3n, garant\u00edas, normas corporativas vinculantes o situaciones espec\u00edficas aplicables<\/strong><\/p>\n<p>No existen.<\/p>\n<p><strong>D.&nbsp;&nbsp; <\/strong><strong>Transferencias internacionales<\/strong><\/p>\n<p>No existen<\/p><p><br><\/p>\n<p><strong>5.&nbsp; <\/strong><strong>DERECHOS<\/strong><\/p>\n<ol>\n<li><strong>C\u00f3mo ejercer los derechos de acceso, rectificaci\u00f3n, supresi\u00f3n y portabilidad de sus datos, y la limitaci\u00f3n u oposici\u00f3n a su tratamiento<\/strong><\/li>\n<\/ol>\n<p>El interesado podr\u00e1 conocer, modificar, o eliminar los datos que la empresa posea acerca de su persona mediante correo electr\u00f3nico facilitando su DNI o bien por correo postal a C\/ASTRONOM\u00cdA, PARQUE EMPRESARIAL TORNEO, TORRE 2, PLANTA 10, M\u00d3DULO 5, 41015, SEVILLA (SEVILLA). El<\/p>\n<p>interesado podr\u00e1 transferir sus datos a otra entidad o bien limitar los ya existentes que la empresa posea acerca de su persona mediante correo electr\u00f3nico facilitando su DNI o bien por correo postal a C\/ASTRONOM\u00cdA, PARQUE EMPRESARIAL TORNEO, TORRE 2, PLANTA 10, M\u00d3DULO 5, 41015, SEVILLA (SEVILLA).<\/p><p><br><\/p>\n<p><strong>B.&nbsp; <\/strong><strong>Derecho a retirar el Consentimiento prestado<\/strong><\/p>\n<p>El interesado podr\u00e1 retirar los datos que la empresa posee acerca de su persona mediante correo electr\u00f3nico facilitando su DNI o bien por correo postal a C\/ASTRONOM\u00cdA, PARQUE EMPRESARIAL TORNEO, TORRE 2, PLANTA 10, M\u00d3DULO 5, 41015, SEVILLA (SEVILLA).<\/p><p><br><\/p>\n<p><strong>C.&nbsp;&nbsp; <\/strong><strong>Derecho a reclamar ante la Autoridad de Control<\/strong><\/p>\n<p>El interesado podr\u00e1 reclamar ante la Agencia Espa\u00f1ola de Protecci\u00f3n de Datos acerca de toda incidencia que pueda surgirle.<\/p><p><br><\/p>\n<p><strong>6.&nbsp; <\/strong><strong>PROCEDENCIA<\/strong><\/p>\n<ol>\n<li>\n<p><strong>Informaci\u00f3n detallada del origen de los datos<\/strong><\/p>\n<\/li>\n<\/ol>\n<p>Facilitados por el propio interesado<\/p>\n<p><strong>B.&nbsp; <\/strong><strong>Categor\u00edas de datos que se tratan<\/strong><\/p>\n<p>Nombre y Apellidos Tel\u00e9fono<\/p>\n<p>Email NIF\/DNI\/NIE<\/p>\n<p>Direcci\u00f3n<\/p>\n<p>Datos econ\u00f3micos<\/p>\t\t\t\t\t\t\t\t<\/div>\n\t\t\t\t<\/div>\n\t\t\t\t\t<\/div>\n\t\t<\/div>\n\t\t\t\t\t<\/div>\n\t\t<\/section>\n\t\t\t\t<\/div>\n\t\t","protected":false},"excerpt":{"rendered":"<p>POL\u00cdTICA DE PROTECCI\u00d3N DE DATOS 1.&nbsp; RESPONSABLE Datos de contacto del Responsable El responsable de los datos recabados mediante esta web es SCIENTIA SYSTEMS, S.L. con direcci\u00f3n C\/ASTRONOM\u00cdA, PARQUE EMPRESARIAL TORNEO, TORRE 2, PLANTA 10, M\u00d3DULO 5, 41015, SEVILLA (SEVILLA) Y CIF B90139304. Usted podr\u00e1 contactar con el responsable mediante el siguiente Email admin@institutoibt.com o &#8230; <a title=\"Pol\u00edtica de privacidad\" class=\"read-more\" href=\"https:\/\/incubadoradetraders.com\/sevilla\/politica-de-privacidad\/\" aria-label=\"Leer m\u00e1s sobre Pol\u00edtica de privacidad\">Leer m\u00e1s<\/a><\/p>\n","protected":false},"author":10,"featured_media":0,"parent":0,"menu_order":0,"comment_status":"closed","ping_status":"closed","template":"","meta":{"_joinchat":[],"footnotes":""},"class_list":["post-35","page","type-page","status-publish"],"yoast_head":"<!-- This site is optimized with the Yoast SEO plugin v26.4 - https:\/\/yoast.com\/wordpress\/plugins\/seo\/ -->\n<title>Pol\u00edtica de privacidad - Incubadora de Trades Sevilla<\/title>\n<meta name=\"robots\" content=\"noindex, nofollow\" \/>\n<meta property=\"og:locale\" content=\"es_ES\" \/>\n<meta property=\"og:type\" content=\"article\" \/>\n<meta property=\"og:title\" content=\"Pol\u00edtica de privacidad - Incubadora de Trades Sevilla\" \/>\n<meta property=\"og:description\" content=\"POL\u00cdTICA DE PROTECCI\u00d3N DE DATOS 1.&nbsp; RESPONSABLE Datos de contacto del Responsable El responsable de los datos recabados mediante esta web es SCIENTIA SYSTEMS, S.L. con direcci\u00f3n C\/ASTRONOM\u00cdA, PARQUE EMPRESARIAL TORNEO, TORRE 2, PLANTA 10, M\u00d3DULO 5, 41015, SEVILLA (SEVILLA) Y CIF B90139304. Usted podr\u00e1 contactar con el responsable mediante el siguiente Email admin@institutoibt.com o ... Leer m\u00e1s\" \/>\n<meta property=\"og:url\" content=\"https:\/\/incubadoradetraders.com\/sevilla\/politica-de-privacidad\/\" \/>\n<meta property=\"og:site_name\" content=\"Incubadora de Trades Sevilla\" \/>\n<meta property=\"article:modified_time\" content=\"2023-05-31T17:13:23+00:00\" \/>\n<meta name=\"twitter:card\" content=\"summary_large_image\" \/>\n<meta name=\"twitter:label1\" content=\"Tiempo de lectura\" \/>\n\t<meta name=\"twitter:data1\" content=\"3 minutos\" \/>\n<script type=\"application\/ld+json\" class=\"yoast-schema-graph\">{\"@context\":\"https:\/\/schema.org\",\"@graph\":[{\"@type\":\"WebPage\",\"@id\":\"https:\/\/incubadoradetraders.com\/sevilla\/politica-de-privacidad\/\",\"url\":\"https:\/\/incubadoradetraders.com\/sevilla\/politica-de-privacidad\/\",\"name\":\"Pol\u00edtica de privacidad - Incubadora de Trades Sevilla\",\"isPartOf\":{\"@id\":\"https:\/\/incubadoradetraders.com\/sevilla\/#website\"},\"datePublished\":\"2019-01-23T11:06:13+00:00\",\"dateModified\":\"2023-05-31T17:13:23+00:00\",\"breadcrumb\":{\"@id\":\"https:\/\/incubadoradetraders.com\/sevilla\/politica-de-privacidad\/#breadcrumb\"},\"inLanguage\":\"es\",\"potentialAction\":[{\"@type\":\"ReadAction\",\"target\":[\"https:\/\/incubadoradetraders.com\/sevilla\/politica-de-privacidad\/\"]}]},{\"@type\":\"BreadcrumbList\",\"@id\":\"https:\/\/incubadoradetraders.com\/sevilla\/politica-de-privacidad\/#breadcrumb\",\"itemListElement\":[{\"@type\":\"ListItem\",\"position\":1,\"name\":\"Portada\",\"item\":\"https:\/\/incubadoradetraders.com\/sevilla\/\"},{\"@type\":\"ListItem\",\"position\":2,\"name\":\"Pol\u00edtica de privacidad\"}]},{\"@type\":\"WebSite\",\"@id\":\"https:\/\/incubadoradetraders.com\/sevilla\/#website\",\"url\":\"https:\/\/incubadoradetraders.com\/sevilla\/\",\"name\":\"Incubadora de Trades Sevilla\",\"description\":\"Curso de Bolsa | Trading | Forex - Trader Profesional\",\"publisher\":{\"@id\":\"https:\/\/incubadoradetraders.com\/sevilla\/#organization\"},\"potentialAction\":[{\"@type\":\"SearchAction\",\"target\":{\"@type\":\"EntryPoint\",\"urlTemplate\":\"https:\/\/incubadoradetraders.com\/sevilla\/?s={search_term_string}\"},\"query-input\":{\"@type\":\"PropertyValueSpecification\",\"valueRequired\":true,\"valueName\":\"search_term_string\"}}],\"inLanguage\":\"es\"},{\"@type\":\"Organization\",\"@id\":\"https:\/\/incubadoradetraders.com\/sevilla\/#organization\",\"name\":\"Incubadora de Trades Sevilla\",\"url\":\"https:\/\/incubadoradetraders.com\/sevilla\/\",\"logo\":{\"@type\":\"ImageObject\",\"inLanguage\":\"es\",\"@id\":\"https:\/\/incubadoradetraders.com\/sevilla\/#\/schema\/logo\/image\/\",\"url\":\"https:\/\/incubadoradetraders.com\/sevilla\/wp-content\/uploads\/2022\/08\/logo02.png\",\"contentUrl\":\"https:\/\/incubadoradetraders.com\/sevilla\/wp-content\/uploads\/2022\/08\/logo02.png\",\"width\":432,\"height\":150,\"caption\":\"Incubadora de Trades Sevilla\"},\"image\":{\"@id\":\"https:\/\/incubadoradetraders.com\/sevilla\/#\/schema\/logo\/image\/\"}}]}<\/script>\n<!-- \/ Yoast SEO plugin. -->","yoast_head_json":{"title":"Pol\u00edtica de privacidad - Incubadora de Trades Sevilla","robots":{"index":"noindex","follow":"nofollow"},"og_locale":"es_ES","og_type":"article","og_title":"Pol\u00edtica de privacidad - Incubadora de Trades Sevilla","og_description":"POL\u00cdTICA DE PROTECCI\u00d3N DE DATOS 1.&nbsp; RESPONSABLE Datos de contacto del Responsable El responsable de los datos recabados mediante esta web es SCIENTIA SYSTEMS, S.L. con direcci\u00f3n C\/ASTRONOM\u00cdA, PARQUE EMPRESARIAL TORNEO, TORRE 2, PLANTA 10, M\u00d3DULO 5, 41015, SEVILLA (SEVILLA) Y CIF B90139304. Usted podr\u00e1 contactar con el responsable mediante el siguiente Email admin@institutoibt.com o ... Leer m\u00e1s","og_url":"https:\/\/incubadoradetraders.com\/sevilla\/politica-de-privacidad\/","og_site_name":"Incubadora de Trades Sevilla","article_modified_time":"2023-05-31T17:13:23+00:00","twitter_card":"summary_large_image","twitter_misc":{"Tiempo de lectura":"3 minutos"},"schema":{"@context":"https:\/\/schema.org","@graph":[{"@type":"WebPage","@id":"https:\/\/incubadoradetraders.com\/sevilla\/politica-de-privacidad\/","url":"https:\/\/incubadoradetraders.com\/sevilla\/politica-de-privacidad\/","name":"Pol\u00edtica de privacidad - Incubadora de Trades Sevilla","isPartOf":{"@id":"https:\/\/incubadoradetraders.com\/sevilla\/#website"},"datePublished":"2019-01-23T11:06:13+00:00","dateModified":"2023-05-31T17:13:23+00:00","breadcrumb":{"@id":"https:\/\/incubadoradetraders.com\/sevilla\/politica-de-privacidad\/#breadcrumb"},"inLanguage":"es","potentialAction":[{"@type":"ReadAction","target":["https:\/\/incubadoradetraders.com\/sevilla\/politica-de-privacidad\/"]}]},{"@type":"BreadcrumbList","@id":"https:\/\/incubadoradetraders.com\/sevilla\/politica-de-privacidad\/#breadcrumb","itemListElement":[{"@type":"ListItem","position":1,"name":"Portada","item":"https:\/\/incubadoradetraders.com\/sevilla\/"},{"@type":"ListItem","position":2,"name":"Pol\u00edtica de privacidad"}]},{"@type":"WebSite","@id":"https:\/\/incubadoradetraders.com\/sevilla\/#website","url":"https:\/\/incubadoradetraders.com\/sevilla\/","name":"Incubadora de Trades Sevilla","description":"Curso de Bolsa | Trading | Forex - Trader Profesional","publisher":{"@id":"https:\/\/incubadoradetraders.com\/sevilla\/#organization"},"potentialAction":[{"@type":"SearchAction","target":{"@type":"EntryPoint","urlTemplate":"https:\/\/incubadoradetraders.com\/sevilla\/?s={search_term_string}"},"query-input":{"@type":"PropertyValueSpecification","valueRequired":true,"valueName":"search_term_string"}}],"inLanguage":"es"},{"@type":"Organization","@id":"https:\/\/incubadoradetraders.com\/sevilla\/#organization","name":"Incubadora de Trades Sevilla","url":"https:\/\/incubadoradetraders.com\/sevilla\/","logo":{"@type":"ImageObject","inLanguage":"es","@id":"https:\/\/incubadoradetraders.com\/sevilla\/#\/schema\/logo\/image\/","url":"https:\/\/incubadoradetraders.com\/sevilla\/wp-content\/uploads\/2022\/08\/logo02.png","contentUrl":"https:\/\/incubadoradetraders.com\/sevilla\/wp-content\/uploads\/2022\/08\/logo02.png","width":432,"height":150,"caption":"Incubadora de Trades Sevilla"},"image":{"@id":"https:\/\/incubadoradetraders.com\/sevilla\/#\/schema\/logo\/image\/"}}]}},"_links":{"self":[{"href":"https:\/\/incubadoradetraders.com\/sevilla\/wp-json\/wp\/v2\/pages\/35","targetHints":{"allow":["GET"]}}],"collection":[{"href":"https:\/\/incubadoradetraders.com\/sevilla\/wp-json\/wp\/v2\/pages"}],"about":[{"href":"https:\/\/incubadoradetraders.com\/sevilla\/wp-json\/wp\/v2\/types\/page"}],"author":[{"embeddable":true,"href":"https:\/\/incubadoradetraders.com\/sevilla\/wp-json\/wp\/v2\/users\/10"}],"replies":[{"embeddable":true,"href":"https:\/\/incubadoradetraders.com\/sevilla\/wp-json\/wp\/v2\/comments?post=35"}],"version-history":[{"count":22,"href":"https:\/\/incubadoradetraders.com\/sevilla\/wp-json\/wp\/v2\/pages\/35\/revisions"}],"predecessor-version":[{"id":7600,"href":"https:\/\/incubadoradetraders.com\/sevilla\/wp-json\/wp\/v2\/pages\/35\/revisions\/7600"}],"wp:attachment":[{"href":"https:\/\/incubadoradetraders.com\/sevilla\/wp-json\/wp\/v2\/media?parent=35"}],"curies":[{"name":"wp","href":"https:\/\/api.w.org\/{rel}","templated":true}]}}